{"id":987919,"date":"2025-12-05T18:15:57","date_gmt":"2025-12-05T15:15:57","guid":{"rendered":"https:\/\/ekarteegitimkurumlari.com\/?page_id=987919"},"modified":"2025-12-23T23:19:05","modified_gmt":"2025-12-23T20:19:05","slug":"bursluluk-sinavi","status":"publish","type":"page","link":"https:\/\/ekarteegitimkurumlari.com\/index.php\/bursluluk-sinavi\/","title":{"rendered":"Bursluluk S\u0131nav\u0131"},"content":{"rendered":"\t\t<div data-elementor-type=\"wp-page\" data-elementor-id=\"987919\" class=\"elementor elementor-987919\" data-elementor-post-type=\"page\">\n\t\t\t\t\t\t<section class=\"elementor-section elementor-top-section elementor-element elementor-element-58d23ae elementor-section-height-min-height elementor-section-boxed elementor-section-height-default elementor-section-items-middle\" data-id=\"58d23ae\" data-element_type=\"section\" data-settings=\"{&quot;background_background&quot;:&quot;classic&quot;}\">\n\t\t\t\t\t\t<div class=\"elementor-container elementor-column-gap-default\">\n\t\t\t\t\t<div class=\"elementor-column elementor-col-100 elementor-top-column elementor-element elementor-element-bfb6604\" data-id=\"bfb6604\" data-element_type=\"column\" data-settings=\"{&quot;background_background&quot;:&quot;classic&quot;}\">\n\t\t\t<div class=\"elementor-widget-wrap\">\n\t\t\t\t\t\t\t<\/div>\n\t\t<\/div>\n\t\t\t\t\t<\/div>\n\t\t<\/section>\n\t\t\t\t<section class=\"elementor-section elementor-top-section elementor-element elementor-element-61612f1 elementor-section-boxed elementor-section-height-default elementor-section-height-default\" data-id=\"61612f1\" data-element_type=\"section\" data-settings=\"{&quot;motion_fx_motion_fx_scrolling&quot;:&quot;yes&quot;,&quot;motion_fx_translateY_effect&quot;:&quot;yes&quot;,&quot;motion_fx_translateY_direction&quot;:&quot;negative&quot;,&quot;motion_fx_translateY_speed&quot;:{&quot;unit&quot;:&quot;px&quot;,&quot;size&quot;:2,&quot;sizes&quot;:[]},&quot;motion_fx_translateY_affectedRange&quot;:{&quot;unit&quot;:&quot;%&quot;,&quot;size&quot;:&quot;&quot;,&quot;sizes&quot;:{&quot;start&quot;:32,&quot;end&quot;:100}},&quot;motion_fx_devices&quot;:[&quot;desktop&quot;]}\">\n\t\t\t\t\t\t<div class=\"elementor-container elementor-column-gap-no\">\n\t\t\t\t\t<div class=\"elementor-column elementor-col-50 elementor-top-column elementor-element elementor-element-e15910e animated-fast elementor-invisible\" data-id=\"e15910e\" data-element_type=\"column\" data-settings=\"{&quot;background_background&quot;:&quot;classic&quot;,&quot;animation&quot;:&quot;fadeIn&quot;,&quot;animation_delay&quot;:100,&quot;animation_tablet&quot;:&quot;none&quot;,&quot;animation_mobile&quot;:&quot;none&quot;}\">\n\t\t\t<div class=\"elementor-widget-wrap elementor-element-populated\">\n\t\t\t\t\t\t<div class=\"elementor-element elementor-element-af2b005 elementor-widget__width-auto elementor-widget-tablet__width-auto elementor-widget-mobile__width-inherit elementor-widget elementor-widget-heading\" data-id=\"af2b005\" data-element_type=\"widget\" data-settings=\"{&quot;_animation&quot;:&quot;none&quot;,&quot;_animation_delay&quot;:200,&quot;_animation_tablet&quot;:&quot;none&quot;,&quot;_animation_mobile&quot;:&quot;none&quot;}\" data-widget_type=\"heading.heading_charityfy\">\n\t\t\t\t<div class=\"elementor-widget-container\">\n\t\t\t\t\t<h1 class=\"elementor-heading-title elementor-size-default\">Bursluluk S\u0131nav\u0131<\/h1>\t\t\t\t<\/div>\n\t\t\t\t<\/div>\n\t\t\t\t<div class=\"elementor-element elementor-element-00afba9 elementor-hidden-desktop elementor-hidden-tablet elementor-hidden-mobile elementor-widget elementor-widget-text-editor\" data-id=\"00afba9\" data-element_type=\"widget\" data-settings=\"{&quot;_animation&quot;:&quot;none&quot;}\" data-widget_type=\"text-editor.default\">\n\t\t\t\t<div class=\"elementor-widget-container\">\n\t\t\t\t\t\t\t\t\t<p>A\u00e7\u0131klama<\/p>\n<p>\u00a0<\/p>\t\t\t\t\t\t\t\t<\/div>\n\t\t\t\t<\/div>\n\t\t\t\t\t<\/div>\n\t\t<\/div>\n\t\t\t\t<div class=\"elementor-column elementor-col-50 elementor-top-column elementor-element elementor-element-e261e89 elementor-hidden-desktop elementor-hidden-tablet elementor-hidden-phone\" data-id=\"e261e89\" data-element_type=\"column\">\n\t\t\t<div class=\"elementor-widget-wrap\">\n\t\t\t\t\t\t\t<\/div>\n\t\t<\/div>\n\t\t\t\t\t<\/div>\n\t\t<\/section>\n\t\t<div class=\"elementor-element elementor-element-a11b105 e-flex e-con-boxed e-con e-parent\" data-id=\"a11b105\" data-element_type=\"container\">\n\t\t\t\t\t<div class=\"e-con-inner\">\n\t\t\t\t<div class=\"elementor-element elementor-element-fc2fe9b elementor-widget elementor-widget-shortcode\" data-id=\"fc2fe9b\" data-element_type=\"widget\" data-widget_type=\"shortcode.default\">\n\t\t\t\t<div class=\"elementor-widget-container\">\n\t\t\t\t\t\t\t<div class=\"elementor-shortcode\"><div class='fluentform ff-default fluentform_wrapper_1 ffs_default_wrap'><form data-form_id=\"1\" id=\"fluentform_1\" class=\"frm-fluent-form fluent_form_1 ff-el-form-top ff_form_instance_1_1 ff-form-loading ffs_default\" data-form_instance=\"ff_form_instance_1_1\" method=\"POST\" ><fieldset  style=\"border: none!important;margin: 0!important;padding: 0!important;background-color: transparent!important;box-shadow: none!important;outline: none!important; min-inline-size: 100%;\">\n                    <legend class=\"ff_screen_reader_title\" style=\"display: block; margin: 0!important;padding: 0!important;height: 0!important;text-indent: -999999px;width: 0!important;overflow:hidden;\">Bursluluk S\u0131nav\u0131<\/legend><input type='hidden' name='__fluent_form_embded_post_id' value='987919' \/><input type=\"hidden\" id=\"_fluentform_1_fluentformnonce\" name=\"_fluentform_1_fluentformnonce\" value=\"6136be80db\" \/><input type=\"hidden\" name=\"_wp_http_referer\" value=\"\/index.php\/wp-json\/wp\/v2\/pages\/987919\" \/><div class='ff-el-group'><div class=\"ff-el-input--label ff-el-is-required asterisk-right\"><label for='ff_1_dropdown' id='label_ff_1_dropdown' aria-label=\"Ba\u015fvurmak \u0130stedi\u011finiz \u015eube\">Ba\u015fvurmak \u0130stedi\u011finiz \u015eube<\/label><\/div><div class='ff-el-input--content'><select name=\"dropdown\" id=\"ff_1_dropdown\" class=\"ff-el-form-control\" data-name=\"dropdown\" data-calc_value=\"0\"  aria-invalid=\"false\" aria-required=\"true\" aria-labelledby=\"label_ff_1_dropdown\"><option value=\"\">Se\u00e7iniz...<\/option><option value=\"Gaziemir \u015eube\"  >Gaziemir \u015eube<\/option><option value=\"Menemen \u015eube\"  >Menemen \u015eube<\/option><option value=\"Menderes Ortaokul \u015eube\"  >Menderes Ortaokul \u015eube<\/option><option value=\"Menderes Lise \u015eube\"  >Menderes Lise \u015eube<\/option><option value=\"Kula \u015eube\"  >Kula \u015eube<\/option><\/select><\/div><\/div><div class='ff-el-group has-conditions'><div class=\"ff-el-input--label ff-el-is-required asterisk-right\"><label for='ff_1_dropdown_1' id='label_ff_1_dropdown_1' aria-label=\"Seans Se\u00e7imi\">Seans Se\u00e7imi<\/label><\/div><div class='ff-el-input--content'><select name=\"dropdown_1\" id=\"ff_1_dropdown_1\" class=\"ff-el-form-control\" data-name=\"dropdown_1\" data-calc_value=\"0\"  aria-invalid=\"false\" aria-required=\"true\" aria-labelledby=\"label_ff_1_dropdown_1\"><option value=\"\">Se\u00e7iniz...<\/option><option value=\"10-11 Ocak - 10:00 \"  >10-11 Ocak - 10:00<\/option><option value=\"10-11 Ocak - 13:00\"  >10-11 Ocak - 13:00<\/option><option value=\"10-11 Ocak - 16:00\"  >10-11 Ocak - 16:00<\/option><\/select><\/div><\/div><div class='ff-el-group has-conditions'><div class=\"ff-el-input--label ff-el-is-required asterisk-right\"><label for='ff_1_dropdown_3' id='label_ff_1_dropdown_3' aria-label=\"Seans Se\u00e7imi\">Seans Se\u00e7imi<\/label><\/div><div class='ff-el-input--content'><select name=\"dropdown_3\" id=\"ff_1_dropdown_3\" class=\"ff-el-form-control\" data-name=\"dropdown_3\" data-calc_value=\"0\"  aria-invalid=\"false\" aria-required=\"true\" aria-labelledby=\"label_ff_1_dropdown_3\"><option value=\"\">Se\u00e7iniz...<\/option><option value=\"17-18 \u015eubat - 10:00\"  >17-18 \u015eubat - 10:00<\/option><option value=\"17-18 \u015eubat - 13:00\"  >17-18 \u015eubat - 13:00<\/option><option value=\"17-18 \u015eubat - 16:00\"  >17-18 \u015eubat - 16:00<\/option><\/select><\/div><\/div><div class='ff-el-group has-conditions'><div class=\"ff-el-input--label ff-el-is-required asterisk-right\"><label for='ff_1_dropdown_2' id='label_ff_1_dropdown_2' aria-label=\"S\u0131n\u0131f\">S\u0131n\u0131f<\/label><\/div><div class='ff-el-input--content'><select name=\"dropdown_2\" id=\"ff_1_dropdown_2\" class=\"ff-el-form-control\" data-name=\"dropdown_2\" data-calc_value=\"0\"  aria-invalid=\"false\" aria-required=\"true\" aria-labelledby=\"label_ff_1_dropdown_2\"><option value=\"\">Se\u00e7iniz...<\/option><option value=\"2. S\u0131n\u0131f\"  >2. S\u0131n\u0131f<\/option><option value=\"3. S\u0131n\u0131f\"  >3. S\u0131n\u0131f<\/option><option value=\"4. S\u0131n\u0131f\"  >4. S\u0131n\u0131f<\/option><option value=\"5. S\u0131n\u0131f\"  >5. S\u0131n\u0131f<\/option><option value=\"6. S\u0131n\u0131f\"  >6. S\u0131n\u0131f<\/option><option value=\"7. S\u0131n\u0131f\"  >7. S\u0131n\u0131f<\/option><option value=\"8. S\u0131n\u0131f\"  >8. S\u0131n\u0131f<\/option><option value=\"9. S\u0131n\u0131f\"  >9. S\u0131n\u0131f<\/option><option value=\"10. S\u0131n\u0131f\"  >10. S\u0131n\u0131f<\/option><option value=\"11. S\u0131n\u0131f\"  >11. S\u0131n\u0131f<\/option><\/select><\/div><\/div><div class='ff-el-group'><div class=\"ff-el-input--label ff-el-is-required asterisk-right\"><label for='ff_1_input_text' id='label_ff_1_input_text' aria-label=\"\u015eu Anki Okudu\u011funuz Okul\">\u015eu Anki Okudu\u011funuz Okul<\/label><\/div><div class='ff-el-input--content'><input type=\"text\" name=\"input_text\" class=\"ff-el-form-control\" placeholder=\"Okul ad\u0131n\u0131 giriniz.\" data-name=\"input_text\" id=\"ff_1_input_text\"  aria-invalid=\"false\" aria-required=true><\/div><\/div><div data-type=\"name-element\" data-name=\"names\" class=\" ff-field_container ff-name-field-wrapper\" ><div class='ff-t-container'><div class='ff-t-cell '><div class='ff-el-group'><div class=\"ff-el-input--label ff-el-is-required asterisk-right\"><label for='ff_1_names_first_name_' id='label_ff_1_names_first_name_' >Ad<\/label><\/div><div class='ff-el-input--content'><input type=\"text\" name=\"names[first_name]\" id=\"ff_1_names_first_name_\" class=\"ff-el-form-control\" aria-invalid=\"false\" aria-required=true><\/div><\/div><\/div><div class='ff-t-cell '><div class='ff-el-group'><div class=\"ff-el-input--label ff-el-is-required asterisk-right\"><label for='ff_1_names_last_name_' id='label_ff_1_names_last_name_' >Soyad<\/label><\/div><div class='ff-el-input--content'><input type=\"text\" name=\"names[last_name]\" id=\"ff_1_names_last_name_\" class=\"ff-el-form-control\" aria-invalid=\"false\" aria-required=true><\/div><\/div><\/div><\/div><\/div><div class='ff-el-group'><div class=\"ff-el-input--label ff-el-is-required asterisk-right\"><label for='ff_1_email' id='label_ff_1_email' aria-label=\"Email\">Email<\/label><\/div><div class='ff-el-input--content'><input type=\"email\" name=\"email\" id=\"ff_1_email\" class=\"ff-el-form-control\" data-name=\"email\"  aria-invalid=\"false\" aria-required=true><\/div><\/div><div class='ff-el-group'><div class=\"ff-el-input--label ff-el-is-required asterisk-right\"><label for='ff_1_input_text_1' id='label_ff_1_input_text_1' aria-label=\"Telefon Numaras\u0131\">Telefon Numaras\u0131<\/label><\/div><div class='ff-el-input--content'><input type=\"text\" name=\"input_text_1\" class=\"ff-el-form-control\" data-name=\"input_text_1\" id=\"ff_1_input_text_1\"  aria-invalid=\"false\" aria-required=true><\/div><\/div><div class='ff-el-group'><div class=\"ff-el-input--label ff-el-is-required asterisk-right\"><label for='ff_1_input_text_2' id='label_ff_1_input_text_2' aria-label=\"Veli Telefon Numaras\u0131\">Veli Telefon Numaras\u0131<\/label><\/div><div class='ff-el-input--content'><input type=\"text\" name=\"input_text_2\" class=\"ff-el-form-control\" data-name=\"input_text_2\" id=\"ff_1_input_text_2\"  aria-invalid=\"false\" aria-required=true><\/div><\/div><div class='ff-el-group'><div class=\"ff-el-input--label ff-el-is-required asterisk-right\"><label for='ff_1_datetime' id='label_ff_1_datetime' aria-label=\"Do\u011fum Tarihi\">Do\u011fum Tarihi<\/label><\/div><div class='ff-el-input--content'><input  aria-label='Do\u011fum Tarihi Use arrow keys to navigate dates. Press enter to select a date.'  aria-haspopup='dialog' data-type-datepicker data-format='d\/m\/Y' type=\"text\" name=\"datetime\" id=\"ff_1_datetime\" class=\"ff-el-form-control ff-el-datepicker\" data-name=\"datetime\"  aria-invalid='false' aria-required=true><\/div><\/div><div class='ff-el-group'><div class=\"ff-el-input--label ff-el-is-required asterisk-right\"><label for='ff_1_input_text_3' id='label_ff_1_input_text_3' aria-label=\"TC Kimlik Numaras\u0131\">TC Kimlik Numaras\u0131<\/label><\/div><div class='ff-el-input--content'><input type=\"text\" name=\"input_text_3\" class=\"ff-el-form-control\" placeholder=\"11 haneli TC kimlik no\" data-name=\"input_text_3\" id=\"ff_1_input_text_3\"  aria-invalid=\"false\" aria-required=true><\/div><\/div><div class='ff-el-group ff-text-left ff_submit_btn_wrapper'><button type=\"submit\" class=\"ff-btn ff-btn-submit ff-btn-md ff_btn_style\"  aria-label=\"BA\u015eVURUYU G\u00d6NDER\">BA\u015eVURUYU G\u00d6NDER<\/button><\/div><\/fieldset><\/form><div id='fluentform_1_errors' class='ff-errors-in-stack ff_form_instance_1_1 ff-form-loading_errors ff_form_instance_1_1_errors'><\/div><\/div>            <script type=\"text\/javascript\">\n                window.fluent_form_ff_form_instance_1_1 = {\"id\":\"1\",\"settings\":{\"layout\":{\"labelPlacement\":\"top\",\"helpMessagePlacement\":\"with_label\",\"errorMessagePlacement\":\"inline\",\"cssClassName\":\"\",\"asteriskPlacement\":\"asterisk-right\"},\"restrictions\":{\"denyEmptySubmission\":{\"enabled\":false}}},\"form_instance\":\"ff_form_instance_1_1\",\"form_id_selector\":\"fluentform_1\",\"rules\":{\"dropdown\":{\"required\":{\"value\":true,\"message\":\"Bu alan\\u0131 doldurmak zorunludur.\",\"global_message\":\"This field is required\",\"global\":false}},\"dropdown_1\":{\"required\":{\"value\":true,\"message\":\"Bu alan\\u0131 doldurmak zorunludur.\",\"global_message\":\"This field is required\",\"global\":false}},\"dropdown_3\":{\"required\":{\"value\":true,\"message\":\"Bu alan\\u0131 doldurmak zorunludur.\",\"global_message\":\"This field is required\",\"global\":false}},\"dropdown_2\":{\"required\":{\"value\":true,\"message\":\"Bu alan\\u0131 doldurmak zorunludur.\",\"global_message\":\"This field is required\",\"global\":false}},\"input_text\":{\"required\":{\"value\":true,\"message\":\"Bu alan\\u0131 doldurmak zorunludur.\",\"global_message\":\"This field is required\",\"global\":false}},\"names[first_name]\":{\"required\":{\"value\":true,\"message\":\"Bu alan\\u0131 doldurmak zorunludur.\",\"global\":false,\"global_message\":\"This field is required\"}},\"names[middle_name]\":{\"required\":{\"value\":false,\"message\":\"This field is required\",\"global\":false,\"global_message\":\"This field is required\"}},\"names[last_name]\":{\"required\":{\"value\":true,\"message\":\"Bu alan\\u0131 doldurmak zorunludur.\",\"global\":false,\"global_message\":\"This field is required\"}},\"email\":{\"required\":{\"value\":true,\"message\":\"Bu alan\\u0131 doldurmak zorunludur.\",\"global\":false,\"global_message\":\"This field is required\"},\"email\":{\"value\":true,\"message\":\"Bu alan ge\\u00e7erli bir e-posta i\\u00e7ermelidir\",\"global\":false,\"global_message\":\"This field must contain a valid email\"}},\"input_text_1\":{\"required\":{\"value\":true,\"message\":\"Bu alan\\u0131 doldurmak zorunludur.\",\"global_message\":\"This field is required\",\"global\":false}},\"input_text_2\":{\"required\":{\"value\":true,\"message\":\"Bu alan\\u0131 doldurmak zorunludur.\",\"global_message\":\"This field is required\",\"global\":false}},\"datetime\":{\"required\":{\"value\":true,\"message\":\"Bu alan\\u0131 doldurmak zorunludur.\",\"global_message\":\"This field is required\",\"global\":false}},\"input_text_3\":{\"required\":{\"value\":true,\"message\":\"Bu alan\\u0131 doldurmak zorunludur.\",\"global_message\":\"This field is required\",\"global\":false}}},\"debounce_time\":300,\"conditionals\":{\"dropdown_1\":{\"type\":\"any\",\"status\":true,\"conditions\":[{\"field\":\"dropdown\",\"value\":\"Gaziemir \\u015eube\",\"operator\":\"=\"},{\"field\":\"dropdown\",\"value\":\"Menemen \\u015eube\",\"operator\":\"=\"},{\"field\":\"dropdown\",\"value\":\"Menderes oo\",\"operator\":\"=\"},{\"field\":\"dropdown\",\"value\":\"Menderes Lise\",\"operator\":\"=\"}],\"condition_groups\":[{\"rules\":[{\"field\":\"\",\"value\":\"\",\"operator\":\"\"}],\"title\":\"\",\"isEditingTitle\":false,\"isPreviewOpen\":false,\"isGroupOpen\":true}]},\"dropdown_3\":{\"type\":\"any\",\"status\":true,\"conditions\":[{\"field\":\"dropdown\",\"value\":\"Kula \\u015eube\",\"operator\":\"=\"}],\"condition_groups\":[{\"rules\":[{\"field\":\"\",\"value\":\"\",\"operator\":\"\"}],\"title\":\"\",\"isEditingTitle\":false,\"isPreviewOpen\":false,\"isGroupOpen\":true}]},\"dropdown_2\":{\"type\":\"any\",\"status\":true,\"conditions\":[{\"field\":\"dropdown\",\"value\":\"Gaziemir \\u015eube\",\"operator\":\"=\"},{\"field\":\"dropdown\",\"value\":\"Menemen \\u015eube\",\"operator\":\"=\"},{\"field\":\"dropdown\",\"value\":\"Menderes oo\",\"operator\":\"=\"},{\"field\":\"dropdown\",\"value\":\"Menderes Lise\",\"operator\":\"=\"},{\"field\":\"dropdown\",\"value\":\"Kula \\u015eube\",\"operator\":\"=\"}],\"condition_groups\":[{\"rules\":[{\"field\":\"\",\"value\":\"\",\"operator\":\"\"}],\"title\":\"\",\"isEditingTitle\":false,\"isPreviewOpen\":false,\"isGroupOpen\":true}]}}};\n                            <\/script>\n            <\/div>\n\t\t\t\t\t\t<\/div>\n\t\t\t\t<\/div>\n\t\t\t\t\t<\/div>\n\t\t\t\t<\/div>\n\t\t\t\t<\/div>\n\t\t","protected":false},"excerpt":{"rendered":"<p>Bursluluk S\u0131nav\u0131 A\u00e7\u0131klama \u00a0<\/p>\n","protected":false},"author":1,"featured_media":0,"parent":0,"menu_order":0,"comment_status":"closed","ping_status":"closed","template":"","meta":{"footnotes":""},"class_list":["post-987919","page","type-page","status-publish","hentry"],"yoast_head":"<!-- This site is optimized with the Yoast SEO plugin v25.0 - https:\/\/yoast.com\/wordpress\/plugins\/seo\/ -->\n<title>Bursluluk S\u0131nav\u0131 - Estudiar<\/title>\n<meta name=\"robots\" content=\"index, follow, max-snippet:-1, max-image-preview:large, max-video-preview:-1\" \/>\n<link rel=\"canonical\" href=\"https:\/\/ekarteegitimkurumlari.com\/index.php\/bursluluk-sinavi\/\" \/>\n<meta property=\"og:locale\" content=\"tr_TR\" \/>\n<meta property=\"og:type\" content=\"article\" \/>\n<meta property=\"og:title\" content=\"Bursluluk S\u0131nav\u0131 - Estudiar\" \/>\n<meta property=\"og:description\" content=\"Bursluluk S\u0131nav\u0131 A\u00e7\u0131klama \u00a0\" \/>\n<meta property=\"og:url\" content=\"https:\/\/ekarteegitimkurumlari.com\/index.php\/bursluluk-sinavi\/\" \/>\n<meta property=\"og:site_name\" content=\"Estudiar\" \/>\n<meta property=\"article:modified_time\" content=\"2025-12-23T20:19:05+00:00\" \/>\n<meta name=\"twitter:card\" content=\"summary_large_image\" \/>\n<meta name=\"twitter:label1\" content=\"Tahmini okuma s\u00fcresi\" \/>\n\t<meta name=\"twitter:data1\" content=\"1 dakika\" \/>\n<script type=\"application\/ld+json\" class=\"yoast-schema-graph\">{\"@context\":\"https:\/\/schema.org\",\"@graph\":[{\"@type\":\"WebPage\",\"@id\":\"https:\/\/ekarteegitimkurumlari.com\/index.php\/bursluluk-sinavi\/\",\"url\":\"https:\/\/ekarteegitimkurumlari.com\/index.php\/bursluluk-sinavi\/\",\"name\":\"Bursluluk S\u0131nav\u0131 - Estudiar\",\"isPartOf\":{\"@id\":\"https:\/\/ekarteegitimkurumlari.com\/#website\"},\"datePublished\":\"2025-12-05T15:15:57+00:00\",\"dateModified\":\"2025-12-23T20:19:05+00:00\",\"breadcrumb\":{\"@id\":\"https:\/\/ekarteegitimkurumlari.com\/index.php\/bursluluk-sinavi\/#breadcrumb\"},\"inLanguage\":\"tr\",\"potentialAction\":[{\"@type\":\"ReadAction\",\"target\":[\"https:\/\/ekarteegitimkurumlari.com\/index.php\/bursluluk-sinavi\/\"]}]},{\"@type\":\"BreadcrumbList\",\"@id\":\"https:\/\/ekarteegitimkurumlari.com\/index.php\/bursluluk-sinavi\/#breadcrumb\",\"itemListElement\":[{\"@type\":\"ListItem\",\"position\":1,\"name\":\"Home\",\"item\":\"https:\/\/ekarteegitimkurumlari.com\/\"},{\"@type\":\"ListItem\",\"position\":2,\"name\":\"Bursluluk S\u0131nav\u0131\"}]},{\"@type\":\"WebSite\",\"@id\":\"https:\/\/ekarteegitimkurumlari.com\/#website\",\"url\":\"https:\/\/ekarteegitimkurumlari.com\/\",\"name\":\"Estudiar\",\"description\":\"Dedicated Theme for Schools, Colleges &amp; Universities\",\"publisher\":{\"@id\":\"https:\/\/ekarteegitimkurumlari.com\/#organization\"},\"potentialAction\":[{\"@type\":\"SearchAction\",\"target\":{\"@type\":\"EntryPoint\",\"urlTemplate\":\"https:\/\/ekarteegitimkurumlari.com\/?s={search_term_string}\"},\"query-input\":{\"@type\":\"PropertyValueSpecification\",\"valueRequired\":true,\"valueName\":\"search_term_string\"}}],\"inLanguage\":\"tr\"},{\"@type\":\"Organization\",\"@id\":\"https:\/\/ekarteegitimkurumlari.com\/#organization\",\"name\":\"Estudiar\",\"url\":\"https:\/\/ekarteegitimkurumlari.com\/\",\"logo\":{\"@type\":\"ImageObject\",\"inLanguage\":\"tr\",\"@id\":\"https:\/\/ekarteegitimkurumlari.com\/#\/schema\/logo\/image\/\",\"url\":\"https:\/\/ekarteegitimkurumlari.com\/wp-content\/uploads\/2020\/02\/Frame-1.svg\",\"contentUrl\":\"https:\/\/ekarteegitimkurumlari.com\/wp-content\/uploads\/2020\/02\/Frame-1.svg\",\"width\":229,\"height\":61,\"caption\":\"Estudiar\"},\"image\":{\"@id\":\"https:\/\/ekarteegitimkurumlari.com\/#\/schema\/logo\/image\/\"}}]}<\/script>\n<!-- \/ Yoast SEO plugin. -->","yoast_head_json":{"title":"Bursluluk S\u0131nav\u0131 - Estudiar","robots":{"index":"index","follow":"follow","max-snippet":"max-snippet:-1","max-image-preview":"max-image-preview:large","max-video-preview":"max-video-preview:-1"},"canonical":"https:\/\/ekarteegitimkurumlari.com\/index.php\/bursluluk-sinavi\/","og_locale":"tr_TR","og_type":"article","og_title":"Bursluluk S\u0131nav\u0131 - Estudiar","og_description":"Bursluluk S\u0131nav\u0131 A\u00e7\u0131klama \u00a0","og_url":"https:\/\/ekarteegitimkurumlari.com\/index.php\/bursluluk-sinavi\/","og_site_name":"Estudiar","article_modified_time":"2025-12-23T20:19:05+00:00","twitter_card":"summary_large_image","twitter_misc":{"Tahmini okuma s\u00fcresi":"1 dakika"},"schema":{"@context":"https:\/\/schema.org","@graph":[{"@type":"WebPage","@id":"https:\/\/ekarteegitimkurumlari.com\/index.php\/bursluluk-sinavi\/","url":"https:\/\/ekarteegitimkurumlari.com\/index.php\/bursluluk-sinavi\/","name":"Bursluluk S\u0131nav\u0131 - Estudiar","isPartOf":{"@id":"https:\/\/ekarteegitimkurumlari.com\/#website"},"datePublished":"2025-12-05T15:15:57+00:00","dateModified":"2025-12-23T20:19:05+00:00","breadcrumb":{"@id":"https:\/\/ekarteegitimkurumlari.com\/index.php\/bursluluk-sinavi\/#breadcrumb"},"inLanguage":"tr","potentialAction":[{"@type":"ReadAction","target":["https:\/\/ekarteegitimkurumlari.com\/index.php\/bursluluk-sinavi\/"]}]},{"@type":"BreadcrumbList","@id":"https:\/\/ekarteegitimkurumlari.com\/index.php\/bursluluk-sinavi\/#breadcrumb","itemListElement":[{"@type":"ListItem","position":1,"name":"Home","item":"https:\/\/ekarteegitimkurumlari.com\/"},{"@type":"ListItem","position":2,"name":"Bursluluk S\u0131nav\u0131"}]},{"@type":"WebSite","@id":"https:\/\/ekarteegitimkurumlari.com\/#website","url":"https:\/\/ekarteegitimkurumlari.com\/","name":"Estudiar","description":"Dedicated Theme for Schools, Colleges &amp; Universities","publisher":{"@id":"https:\/\/ekarteegitimkurumlari.com\/#organization"},"potentialAction":[{"@type":"SearchAction","target":{"@type":"EntryPoint","urlTemplate":"https:\/\/ekarteegitimkurumlari.com\/?s={search_term_string}"},"query-input":{"@type":"PropertyValueSpecification","valueRequired":true,"valueName":"search_term_string"}}],"inLanguage":"tr"},{"@type":"Organization","@id":"https:\/\/ekarteegitimkurumlari.com\/#organization","name":"Estudiar","url":"https:\/\/ekarteegitimkurumlari.com\/","logo":{"@type":"ImageObject","inLanguage":"tr","@id":"https:\/\/ekarteegitimkurumlari.com\/#\/schema\/logo\/image\/","url":"https:\/\/ekarteegitimkurumlari.com\/wp-content\/uploads\/2020\/02\/Frame-1.svg","contentUrl":"https:\/\/ekarteegitimkurumlari.com\/wp-content\/uploads\/2020\/02\/Frame-1.svg","width":229,"height":61,"caption":"Estudiar"},"image":{"@id":"https:\/\/ekarteegitimkurumlari.com\/#\/schema\/logo\/image\/"}}]}},"_links":{"self":[{"href":"https:\/\/ekarteegitimkurumlari.com\/index.php\/wp-json\/wp\/v2\/pages\/987919","targetHints":{"allow":["GET"]}}],"collection":[{"href":"https:\/\/ekarteegitimkurumlari.com\/index.php\/wp-json\/wp\/v2\/pages"}],"about":[{"href":"https:\/\/ekarteegitimkurumlari.com\/index.php\/wp-json\/wp\/v2\/types\/page"}],"author":[{"embeddable":true,"href":"https:\/\/ekarteegitimkurumlari.com\/index.php\/wp-json\/wp\/v2\/users\/1"}],"replies":[{"embeddable":true,"href":"https:\/\/ekarteegitimkurumlari.com\/index.php\/wp-json\/wp\/v2\/comments?post=987919"}],"version-history":[{"count":13,"href":"https:\/\/ekarteegitimkurumlari.com\/index.php\/wp-json\/wp\/v2\/pages\/987919\/revisions"}],"predecessor-version":[{"id":987942,"href":"https:\/\/ekarteegitimkurumlari.com\/index.php\/wp-json\/wp\/v2\/pages\/987919\/revisions\/987942"}],"wp:attachment":[{"href":"https:\/\/ekarteegitimkurumlari.com\/index.php\/wp-json\/wp\/v2\/media?parent=987919"}],"curies":[{"name":"wp","href":"https:\/\/api.w.org\/{rel}","templated":true}]}}